{"id":77,"date":"2020-05-21T20:15:54","date_gmt":"2020-05-21T19:15:54","guid":{"rendered":"http:\/\/s826171288.online.de\/?page_id=77"},"modified":"2020-05-21T20:33:23","modified_gmt":"2020-05-21T19:33:23","slug":"meine-erfahrung","status":"publish","type":"page","link":"http:\/\/katiejordans.com\/de\/meine-erfahrung","title":{"rendered":"Meine Erfahrung"},"content":{"rendered":"\n<p>Ich bin in <strong>London<\/strong> geboren und aufgewachsen, und habe an der Uni Deutsch und Sprachwissenschaft studiert. Nach mehrj\u00e4hriger Arbeit als Englischlehrerin habe ich angefangen als <strong>Nachrichtensprecherin<\/strong> f\u00fcr den englischen Sprachendienst der&nbsp; <strong>Deutschen Welle<\/strong> in K\u00f6ln zu arbeiten. \u00dcber diese Arbeit bin ich zur Synchronisation von <strong>Dokumentarfilmen f\u00fcr das Fernsehen<\/strong> gelangt. Dort war ich Sprecherin&nbsp; in hunderten von&nbsp; Dokumentarfilmen f\u00fcr DW und Transtel.&nbsp; Zudem habe ich viel Erfahrung als <strong>Regisseurin und Redakteurin<\/strong> bei der Synchronisation von&nbsp; Filmen. Bis zum Umzug von&nbsp; DW TV nach Berlin war ich verantwortlich f\u00fcr die&nbsp; Synchronisation der w\u00f6chentlichen TV Sendung \u201eInside Politics\u201c.<\/p>\n\n\n\n<p>Ich bin seit vielen Jahren gelegentlich f\u00fcr den <strong>WDR<\/strong> t\u00e4tig. Im Rahmen von Schulprogrammen habe ich verschiedene Rollen in <strong>Radiodramen f\u00fcr Kinder und Erwachsene<\/strong> \u00fcbernommen. Dar\u00fcber hinaus war ich Englischsprecherin bei zahlreichen Dokumentarfilmen.&nbsp;<\/p>\n\n\n\n<p>Ich arbeite ebenfalls f\u00fcr viele private Studios in ganz Deutschland. Hierbei spreche ich die unterschiedlichsten Texte, darunter auch&nbsp; <strong>Imagefilme<\/strong> f\u00fcr zahlreiche Unternehmen, <strong>Audio-Guides<\/strong> f\u00fcr Museen und Stadtrundfahrten, <strong>Mobilfunkansagen und Navisysteme<\/strong> (bin die englische Stimme f\u00fcr die gesamte <strong>VW-Gruppe<\/strong> und f\u00fcr <strong>Rolls Royce in der USA)<\/strong>. Besonders gerne spreche ich bei der Produktion von <strong>H\u00f6rb\u00fcchern<\/strong>, und habe hier z.B eine ganze Serie von Krimih\u00f6rb\u00fcchern gesprochen. Gerne bin ich bereit, auch ausserhalb von Deutschland zu arbeiten, und war bereits in Belgien, der Schweiz, Holland,&nbsp; Grossbritannien und China t\u00e4tig.<\/p>\n\n\n\n<p>Ich habe Erfahrung in <strong>Lippensynchronisation,<\/strong> sowohl <strong>f\u00fcr Fernseh- als auch Kinofilme, Werbung und Cartoons<\/strong>. Bei letzteren habe ich&nbsp; zahlreiche Rollen gespielt, z.B. verschiedene Tiere in der englischen Version von \u201cDie Sendung mit der Maus\u201d, \u201eDer kleine Medicus\u201c und f\u00fcr diverse Kinder-Apps. Ich bin die Stimme von Mama B\u00e4r in \u201eBobo und die Siebenschl\u00e4fer\u201c. Ich habe die <strong>Live-Moderatorin<\/strong> f\u00fcr Unternehmensfilme gemacht und die <strong>Live-Pr\u00e4sentation<\/strong> f\u00fcr den bekannten Red Dot Design Awards in Essen gemacht.<\/p>\n\n\n\n<p>W\u00e4hrend eines dreij\u00e4hrigen Aufenthaltes in China war ich regelm\u00e4\u00dfig f\u00fcr die Foreign Language University in Shanghai in deren Aufnahmestudios t\u00e4tig. Au\u00dferdem habe ich f\u00fcr Privatstudios in Shanghai und Nanjing als Sprecherin gearbeitet. Ein weiterer Kunde dort war die <strong>Shanghai Broadcasting Company, <\/strong>f\u00fcr die ich als<strong> Trainerin <\/strong>f\u00fcr angehende<strong> Nachrichtensprecher <\/strong>t\u00e4tig war<strong>.<\/strong><\/p>\n\n\n\n<p>Neben meiner T\u00e4tigkeit als Synchronsprecherin habe ich viele Jahre als <strong>\u00dcbersetzerin<\/strong> (Deutsch-Englisch) gearbeitet. Meine Spezialit\u00e4t sind <strong>Dokumentarfilme, Imagefilme und Marketingtexte<\/strong>. Ich habe langj\u00e4hrige Erfahrung als <strong>Lektorin und Redakteurin<\/strong> \u2013 gegebenenfalls auch im Studio unmittelbar vor oder w\u00e4hrend der Aufnahme, sofern die Qualit\u00e4t des vorgegebenen Textes es erforderlich machen sollte. Meine langj\u00e4hrige Studioerfahrung bedeutet auch, da\u00df die Anpassung von Texten in die vorgegebenen Timecodes f\u00fcr mich kein Problem darstellt, wodurch wertvolle Zeit und Geld im Studio gespart werden kann.<\/p>\n","protected":false},"excerpt":{"rendered":"<p>Ich bin in London geboren und aufgewachsen, und habe an der Uni Deutsch und Sprachwissenschaft studiert. Nach mehrj\u00e4hriger Arbeit als Englischlehrerin habe ich angefangen als Nachrichtensprecherin f\u00fcr den englischen Sprachendienst der&nbsp; Deutschen Welle in K\u00f6ln zu arbeiten. \u00dcber diese Arbeit bin ich zur Synchronisation von Dokumentarfilmen f\u00fcr das Fernsehen gelangt. Dort war ich Sprecherin&nbsp; in [&hellip;]<\/p>\n","protected":false},"author":1,"featured_media":0,"parent":0,"menu_order":0,"comment_status":"closed","ping_status":"closed","template":"templates\/template-full-width.php","meta":{"footnotes":""},"class_list":["post-77","page","type-page","status-publish","hentry"],"_links":{"self":[{"href":"http:\/\/katiejordans.com\/de\/wp-json\/wp\/v2\/pages\/77","targetHints":{"allow":["GET"]}}],"collection":[{"href":"http:\/\/katiejordans.com\/de\/wp-json\/wp\/v2\/pages"}],"about":[{"href":"http:\/\/katiejordans.com\/de\/wp-json\/wp\/v2\/types\/page"}],"author":[{"embeddable":true,"href":"http:\/\/katiejordans.com\/de\/wp-json\/wp\/v2\/users\/1"}],"replies":[{"embeddable":true,"href":"http:\/\/katiejordans.com\/de\/wp-json\/wp\/v2\/comments?post=77"}],"version-history":[{"count":2,"href":"http:\/\/katiejordans.com\/de\/wp-json\/wp\/v2\/pages\/77\/revisions"}],"predecessor-version":[{"id":91,"href":"http:\/\/katiejordans.com\/de\/wp-json\/wp\/v2\/pages\/77\/revisions\/91"}],"wp:attachment":[{"href":"http:\/\/katiejordans.com\/de\/wp-json\/wp\/v2\/media?parent=77"}],"curies":[{"name":"wp","href":"https:\/\/api.w.org\/{rel}","templated":true}]}}