{"id":79,"date":"2020-05-21T20:17:22","date_gmt":"2020-05-21T19:17:22","guid":{"rendered":"http:\/\/s826171288.online.de\/?page_id=79"},"modified":"2020-05-21T20:17:22","modified_gmt":"2020-05-21T19:17:22","slug":"meine-stimmen","status":"publish","type":"page","link":"http:\/\/katiejordans.com\/de\/meine-stimmen","title":{"rendered":"Meine Stimme(n)"},"content":{"rendered":"\n<p>Man hat meine Stimme als \u201cwarm, angenehm anzuh\u00f6ren, klar, sanft jedoch auch bestimmt\u201d beschrieben. Sie kann neutral oder sexy, ernsthaft oder heiter sein. Ich bin stolz darauf das sogenannte \u201eR.P\u201c (Received Pronunciation \/ Hochenglisch) zu sprechen, d.h., ohne regionalen Akzent.<\/p>\n\n\n\n<p>Soweit f\u00fcr die Aufnahmen erforderlich bin ich dennoch in der Lage, mich in verschiedenen regionalen Akzenten auszudr\u00fccken, wie z.B. Londoner Cockney, Nord-Englisch, Walisisch, Schottisch, Irisch und Amerikanisch. Manchmal werden Aufnahmen in dem sogenannten \u201eMid-Atlantic\u201c Akzent verlangt, um sowohl dem britischen als auch dem amerikanischen Markt zu dienen.<\/p>\n\n\n\n<p>Gelegentlich werde ich auch gebeten Aufnahmen auf Deutsch zu machen, jedoch mit einem erkennbar britischen Akzent: f\u00fcr mich kein Problem!<\/p>\n\n\n\n<p>Ich bin der festen \u00dcberzeugung, da\u00df das Wichtigste f\u00fcr die H\u00f6rer ist, die Botschaft ohne M\u00fche zu verstehen. Beispiele daf\u00fcr sind E-Learning, Telefonansagen, Audio-Guides, Ansagen in Verkehrsmitteln und Aufz\u00fcgen usw. Andere Aufnahmen verlangen einen entspannten und unterhaltsamen Charakter: Werbung, manche Firmenimage- und Dokumentarfilme zum Beispiel.<\/p>\n\n\n\n<p>Andererseits wird f\u00fcr H\u00f6rb\u00fccher ein breites Spektrum von Stimmen, Akzenten und Gef\u00fchlen verlangt, und ich geniesse diese Herausforderung sehr.<\/p>\n\n\n\n<p>Welche Anforderungen Sie auch immer haben, ich kann daf\u00fcr die entsprechende Stimme liefern. Meine langj\u00e4hrige Erfahrung bedeutet, da\u00df ich \u00fcblicherweise instinktiv wei\u00df, wie Ihr Text gesprochen werden sollte, aber bin auch gerne bereit, den&nbsp; Anweisungen Ihrer&nbsp; Aufnahmeleitung zu folgen. Und falls Sie ein Rollenspiel aufnehmen wollen, w\u00fcrde ich mich freuen, f\u00fcr Sie in die verschiedenen Charaktere, Nationalit\u00e4ten oder Altersgruppen zu schl\u00fcpfen.<\/p>\n","protected":false},"excerpt":{"rendered":"<p>Man hat meine Stimme als \u201cwarm, angenehm anzuh\u00f6ren, klar, sanft jedoch auch bestimmt\u201d beschrieben. Sie kann neutral oder sexy, ernsthaft oder heiter sein. Ich bin stolz darauf das sogenannte \u201eR.P\u201c (Received Pronunciation \/ Hochenglisch) zu sprechen, d.h., ohne regionalen Akzent. Soweit f\u00fcr die Aufnahmen erforderlich bin ich dennoch in der Lage, mich in verschiedenen regionalen [&hellip;]<\/p>\n","protected":false},"author":1,"featured_media":0,"parent":0,"menu_order":0,"comment_status":"closed","ping_status":"closed","template":"templates\/template-full-width.php","meta":{"footnotes":""},"class_list":["post-79","page","type-page","status-publish","hentry"],"_links":{"self":[{"href":"http:\/\/katiejordans.com\/de\/wp-json\/wp\/v2\/pages\/79","targetHints":{"allow":["GET"]}}],"collection":[{"href":"http:\/\/katiejordans.com\/de\/wp-json\/wp\/v2\/pages"}],"about":[{"href":"http:\/\/katiejordans.com\/de\/wp-json\/wp\/v2\/types\/page"}],"author":[{"embeddable":true,"href":"http:\/\/katiejordans.com\/de\/wp-json\/wp\/v2\/users\/1"}],"replies":[{"embeddable":true,"href":"http:\/\/katiejordans.com\/de\/wp-json\/wp\/v2\/comments?post=79"}],"version-history":[{"count":1,"href":"http:\/\/katiejordans.com\/de\/wp-json\/wp\/v2\/pages\/79\/revisions"}],"predecessor-version":[{"id":80,"href":"http:\/\/katiejordans.com\/de\/wp-json\/wp\/v2\/pages\/79\/revisions\/80"}],"wp:attachment":[{"href":"http:\/\/katiejordans.com\/de\/wp-json\/wp\/v2\/media?parent=79"}],"curies":[{"name":"wp","href":"https:\/\/api.w.org\/{rel}","templated":true}]}}